{"id":48,"date":"2013-10-06T18:45:37","date_gmt":"2013-10-06T16:45:37","guid":{"rendered":"http:\/\/www.rameuwesen.de\/wordpress\/?page_id=48"},"modified":"2013-10-07T10:06:14","modified_gmt":"2013-10-07T08:06:14","slug":"mietrecht","status":"publish","type":"page","link":"https:\/\/www.rameuwesen.de\/wordpress\/?page_id=48","title":{"rendered":"Mietrecht\/WEG-Recht"},"content":{"rendered":"<p>Ich vertrete Ihre Interessen in allen mietrechtlichen und wohnungseigentumsrechtlichen Angelegenheiten. Gleich, ob Sie Eigent\u00fcmer oder Mieter sind. Mietrecht und das Recht<br \/>\nder Wohnungseigent\u00fcmergemeinschaften sind vielschichtig und in st\u00e4ndigem Wandel.<\/p>\n<p>Rechtssprechung und Gesetzgebung \u00a0richtig zu bewerten, ist anspruchsvoll.<\/p>\n<p>Sprechen Sie mein B\u00fcro an \u2013 ich berate Sie gerne.<\/p>\n","protected":false},"excerpt":{"rendered":"<p>Ich vertrete Ihre Interessen in allen mietrechtlichen und wohnungseigentumsrechtlichen Angelegenheiten. Gleich, ob Sie Eigent\u00fcmer oder Mieter sind. Mietrecht und das Recht der Wohnungseigent\u00fcmergemeinschaften sind vielschichtig und in st\u00e4ndigem Wandel. Rechtssprechung und Gesetzgebung \u00a0richtig zu bewerten, ist anspruchsvoll. Sprechen Sie mein B\u00fcro an \u2013 ich berate Sie gerne.<\/p>\n","protected":false},"author":2,"featured_media":0,"parent":35,"menu_order":3,"comment_status":"closed","ping_status":"closed","template":"seitentemplate-beispiel.php","meta":{"footnotes":""},"class_list":["post-48","page","type-page","status-publish","hentry"],"_links":{"self":[{"href":"https:\/\/www.rameuwesen.de\/wordpress\/index.php?rest_route=\/wp\/v2\/pages\/48","targetHints":{"allow":["GET"]}}],"collection":[{"href":"https:\/\/www.rameuwesen.de\/wordpress\/index.php?rest_route=\/wp\/v2\/pages"}],"about":[{"href":"https:\/\/www.rameuwesen.de\/wordpress\/index.php?rest_route=\/wp\/v2\/types\/page"}],"author":[{"embeddable":true,"href":"https:\/\/www.rameuwesen.de\/wordpress\/index.php?rest_route=\/wp\/v2\/users\/2"}],"replies":[{"embeddable":true,"href":"https:\/\/www.rameuwesen.de\/wordpress\/index.php?rest_route=%2Fwp%2Fv2%2Fcomments&post=48"}],"version-history":[{"count":3,"href":"https:\/\/www.rameuwesen.de\/wordpress\/index.php?rest_route=\/wp\/v2\/pages\/48\/revisions"}],"predecessor-version":[{"id":73,"href":"https:\/\/www.rameuwesen.de\/wordpress\/index.php?rest_route=\/wp\/v2\/pages\/48\/revisions\/73"}],"up":[{"embeddable":true,"href":"https:\/\/www.rameuwesen.de\/wordpress\/index.php?rest_route=\/wp\/v2\/pages\/35"}],"wp:attachment":[{"href":"https:\/\/www.rameuwesen.de\/wordpress\/index.php?rest_route=%2Fwp%2Fv2%2Fmedia&parent=48"}],"curies":[{"name":"wp","href":"https:\/\/api.w.org\/{rel}","templated":true}]}}