{"id":42,"date":"2013-10-06T18:41:39","date_gmt":"2013-10-06T16:41:39","guid":{"rendered":"http:\/\/www.rameuwesen.de\/wordpress\/?page_id=42"},"modified":"2013-10-10T11:41:49","modified_gmt":"2013-10-10T09:41:49","slug":"schwerpunkte-2","status":"publish","type":"page","link":"https:\/\/www.rameuwesen.de\/wordpress\/?page_id=42","title":{"rendered":"Verkehrsrecht"},"content":{"rendered":"<p>Ich reguliere Ihre Anspr\u00fcche nach einem Verkehrsunfall. In voller H\u00f6he.<\/p>\n<p>Dazu verhandele ich mit dem Versicherer des Unfallgegners.<br \/>\nAuf Augenh\u00f6he (mindestens).<br \/>\nFalls Sie kein Mitverschulden an dem Unfall trifft, sind Anwaltskosten vollst\u00e4ndig<br \/>\nTeil\u00a0Ihres Schadens und durch den Versicherer des Unfallverursachers zu ersetzen.<\/p>\n","protected":false},"excerpt":{"rendered":"<p>Ich reguliere Ihre Anspr\u00fcche nach einem Verkehrsunfall. In voller H\u00f6he. Dazu verhandele ich mit dem Versicherer des Unfallgegners. Auf Augenh\u00f6he (mindestens). Falls Sie kein Mitverschulden an dem Unfall trifft, sind Anwaltskosten vollst\u00e4ndig Teil\u00a0Ihres Schadens und durch den Versicherer des Unfallverursachers zu ersetzen.<\/p>\n","protected":false},"author":2,"featured_media":0,"parent":35,"menu_order":2,"comment_status":"closed","ping_status":"closed","template":"seitentemplate-beispiel.php","meta":{"footnotes":""},"class_list":["post-42","page","type-page","status-publish","hentry"],"_links":{"self":[{"href":"https:\/\/www.rameuwesen.de\/wordpress\/index.php?rest_route=\/wp\/v2\/pages\/42","targetHints":{"allow":["GET"]}}],"collection":[{"href":"https:\/\/www.rameuwesen.de\/wordpress\/index.php?rest_route=\/wp\/v2\/pages"}],"about":[{"href":"https:\/\/www.rameuwesen.de\/wordpress\/index.php?rest_route=\/wp\/v2\/types\/page"}],"author":[{"embeddable":true,"href":"https:\/\/www.rameuwesen.de\/wordpress\/index.php?rest_route=\/wp\/v2\/users\/2"}],"replies":[{"embeddable":true,"href":"https:\/\/www.rameuwesen.de\/wordpress\/index.php?rest_route=%2Fwp%2Fv2%2Fcomments&post=42"}],"version-history":[{"count":5,"href":"https:\/\/www.rameuwesen.de\/wordpress\/index.php?rest_route=\/wp\/v2\/pages\/42\/revisions"}],"predecessor-version":[{"id":139,"href":"https:\/\/www.rameuwesen.de\/wordpress\/index.php?rest_route=\/wp\/v2\/pages\/42\/revisions\/139"}],"up":[{"embeddable":true,"href":"https:\/\/www.rameuwesen.de\/wordpress\/index.php?rest_route=\/wp\/v2\/pages\/35"}],"wp:attachment":[{"href":"https:\/\/www.rameuwesen.de\/wordpress\/index.php?rest_route=%2Fwp%2Fv2%2Fmedia&parent=42"}],"curies":[{"name":"wp","href":"https:\/\/api.w.org\/{rel}","templated":true}]}}