{"id":2,"date":"2013-10-06T14:30:23","date_gmt":"2013-10-06T14:30:23","guid":{"rendered":"http:\/\/www.rameuwesen.de\/wordpress\/?page_id=2"},"modified":"2013-10-10T11:27:03","modified_gmt":"2013-10-10T09:27:03","slug":"beispiel-seite","status":"publish","type":"page","link":"https:\/\/www.rameuwesen.de\/wordpress\/","title":{"rendered":"Home"},"content":{"rendered":"<p>Es gibt in Deutschland mehr als 150.000 zugelassene Rechtsanw\u00e4lte.<\/p>\n<p><b>Warum sollten Sie meine Kanzlei beauftragen?<br \/>\n<\/b>Eine umfassende Antwort auf diese Frage kann ich Ihnen durchaus geben.<br \/>\nEin Teil meiner Antwort aber ist vom geltenden Recht, das die Werbung<br \/>\nder Rechtsanw\u00e4lte einschr\u00e4nkt, untersagt. Diesen Teil m\u00fcssen Sie selbst erfahren.<\/p>\n<p>Der andere Teil besteht darin, dass ich Ihre Interessen auch, aber nicht nur,<br \/>\nin den genannten Schwerpunkten meiner anwaltlichen Arbeit sachgerecht vertrete.<\/p>\n<p>Au\u00dfergerichtlich und vor Gericht \u2013 bundesweit.<\/p>\n","protected":false},"excerpt":{"rendered":"<p>Es gibt in Deutschland mehr als 150.000 zugelassene Rechtsanw\u00e4lte. Warum sollten Sie meine Kanzlei beauftragen? Eine umfassende Antwort auf diese Frage kann ich Ihnen durchaus geben. Ein Teil meiner Antwort aber ist vom geltenden Recht, das die Werbung der Rechtsanw\u00e4lte einschr\u00e4nkt, untersagt. Diesen Teil m\u00fcssen Sie selbst erfahren. Der andere Teil besteht darin, dass ich &hellip; <a href=\"https:\/\/www.rameuwesen.de\/wordpress\/\" class=\"more-link\"><span class=\"screen-reader-text\">Home<\/span> weiterlesen <span class=\"meta-nav\">&rarr;<\/span><\/a><\/p>\n","protected":false},"author":2,"featured_media":0,"parent":0,"menu_order":1,"comment_status":"closed","ping_status":"closed","template":"seitentemplate-beispiel.php","meta":{"footnotes":""},"class_list":["post-2","page","type-page","status-publish","hentry"],"_links":{"self":[{"href":"https:\/\/www.rameuwesen.de\/wordpress\/index.php?rest_route=\/wp\/v2\/pages\/2","targetHints":{"allow":["GET"]}}],"collection":[{"href":"https:\/\/www.rameuwesen.de\/wordpress\/index.php?rest_route=\/wp\/v2\/pages"}],"about":[{"href":"https:\/\/www.rameuwesen.de\/wordpress\/index.php?rest_route=\/wp\/v2\/types\/page"}],"author":[{"embeddable":true,"href":"https:\/\/www.rameuwesen.de\/wordpress\/index.php?rest_route=\/wp\/v2\/users\/2"}],"replies":[{"embeddable":true,"href":"https:\/\/www.rameuwesen.de\/wordpress\/index.php?rest_route=%2Fwp%2Fv2%2Fcomments&post=2"}],"version-history":[{"count":6,"href":"https:\/\/www.rameuwesen.de\/wordpress\/index.php?rest_route=\/wp\/v2\/pages\/2\/revisions"}],"predecessor-version":[{"id":72,"href":"https:\/\/www.rameuwesen.de\/wordpress\/index.php?rest_route=\/wp\/v2\/pages\/2\/revisions\/72"}],"wp:attachment":[{"href":"https:\/\/www.rameuwesen.de\/wordpress\/index.php?rest_route=%2Fwp%2Fv2%2Fmedia&parent=2"}],"curies":[{"name":"wp","href":"https:\/\/api.w.org\/{rel}","templated":true}]}}